{"id":15,"date":"2021-09-17T00:50:00","date_gmt":"2021-09-17T00:50:00","guid":{"rendered":"https:\/\/www.aledonatomua.com\/salon\/?post_type=product&#038;p=15"},"modified":"2021-09-26T17:43:57","modified_gmt":"2021-09-26T17:43:57","slug":"moldeado","status":"publish","type":"product","link":"https:\/\/www.aledonatomua.com\/salon\/?product=moldeado","title":{"rendered":"Moldeado"},"content":{"rendered":"","protected":false},"excerpt":{"rendered":"<h5>Crea rizos relajados, ondas manejables y volumen supremo<\/h5>\n<div class=\"et_pb_toggle_content clearfix\">\n<ul>\n<li><span class=\"xr_tl CONTENIDO-45TEXTO\">Proporciona volumen a tu ra\u00edz para realzar tu cabello<\/span><\/li>\n<li><span class=\"xr_tl CONTENIDO-45TEXTO\">Consigue una melena con m\u00e1s volumen<\/span><\/li>\n<li><span class=\"xr_tl CONTENIDO-45TEXTO\">Dise\u00f1a las ondas con las que siempre has so\u00f1ado.<\/span><\/li>\n<li><span class=\"xr_tl CONTENIDO-45TEXTO\">Consigue un peinado m\u00e1s pr\u00e1ctico y f\u00e1cil de manejar<\/span><\/li>\n<li><span class=\"xr_tl CONTENIDO-45TEXTO\">Potencia las ondas de tus puntas para crear una melena m\u00e1s sensual<\/span><\/li>\n<\/ul>\n<\/div>\n","protected":false},"featured_media":19,"template":"","meta":{"site-sidebar-layout":"default","site-content-layout":"default","ast-site-content-layout":"default","site-content-style":"default","site-sidebar-style":"default","ast-global-header-display":"","ast-banner-title-visibility":"","ast-main-header-display":"","ast-hfb-above-header-display":"","ast-hfb-below-header-display":"","ast-hfb-mobile-header-display":"","site-post-title":"","ast-breadcrumbs-content":"","ast-featured-img":"","footer-sml-layout":"","theme-transparent-header-meta":"default","adv-header-id-meta":"","stick-header-meta":"","header-above-stick-meta":"","header-main-stick-meta":"","header-below-stick-meta":"","astra-migrate-meta-layouts":"default","ast-page-background-enabled":"default","ast-page-background-meta":{"desktop":{"background-color":"var(--ast-global-color-4)","background-image":"","background-repeat":"repeat","background-position":"center center","background-size":"auto","background-attachment":"scroll","background-type":"","background-media":"","overlay-type":"","overlay-color":"","overlay-opacity":"","overlay-gradient":""},"tablet":{"background-color":"","background-image":"","background-repeat":"repeat","background-position":"center center","background-size":"auto","background-attachment":"scroll","background-type":"","background-media":"","overlay-type":"","overlay-color":"","overlay-opacity":"","overlay-gradient":""},"mobile":{"background-color":"","background-image":"","background-repeat":"repeat","background-position":"center center","background-size":"auto","background-attachment":"scroll","background-type":"","background-media":"","overlay-type":"","overlay-color":"","overlay-opacity":"","overlay-gradient":""}},"ast-content-background-meta":{"desktop":{"background-color":"var(--ast-global-color-5)","background-image":"","background-repeat":"repeat","background-position":"center center","background-size":"auto","background-attachment":"scroll","background-type":"","background-media":"","overlay-type":"","overlay-color":"","overlay-opacity":"","overlay-gradient":""},"tablet":{"background-color":"var(--ast-global-color-5)","background-image":"","background-repeat":"repeat","background-position":"center center","background-size":"auto","background-attachment":"scroll","background-type":"","background-media":"","overlay-type":"","overlay-color":"","overlay-opacity":"","overlay-gradient":""},"mobile":{"background-color":"var(--ast-global-color-5)","background-image":"","background-repeat":"repeat","background-position":"center center","background-size":"auto","background-attachment":"scroll","background-type":"","background-media":"","overlay-type":"","overlay-color":"","overlay-opacity":"","overlay-gradient":""}}},"product_brand":[],"product_cat":[16],"product_tag":[],"class_list":{"0":"post-15","1":"product","2":"type-product","3":"status-publish","4":"has-post-thumbnail","6":"product_cat-peinado","7":"desktop-align-left","8":"tablet-align-left","9":"mobile-align-left","11":"first","12":"instock","13":"taxable","14":"shipping-taxable","15":"purchasable","16":"product-type-simple"},"exclude_global_add_ons":[],"addons":[],"_links":{"self":[{"href":"https:\/\/www.aledonatomua.com\/salon\/index.php?rest_route=\/wp\/v2\/product\/15","targetHints":{"allow":["GET"]}}],"collection":[{"href":"https:\/\/www.aledonatomua.com\/salon\/index.php?rest_route=\/wp\/v2\/product"}],"about":[{"href":"https:\/\/www.aledonatomua.com\/salon\/index.php?rest_route=\/wp\/v2\/types\/product"}],"wp:featuredmedia":[{"embeddable":true,"href":"https:\/\/www.aledonatomua.com\/salon\/index.php?rest_route=\/wp\/v2\/media\/19"}],"wp:attachment":[{"href":"https:\/\/www.aledonatomua.com\/salon\/index.php?rest_route=%2Fwp%2Fv2%2Fmedia&parent=15"}],"wp:term":[{"taxonomy":"product_brand","embeddable":true,"href":"https:\/\/www.aledonatomua.com\/salon\/index.php?rest_route=%2Fwp%2Fv2%2Fproduct_brand&post=15"},{"taxonomy":"product_cat","embeddable":true,"href":"https:\/\/www.aledonatomua.com\/salon\/index.php?rest_route=%2Fwp%2Fv2%2Fproduct_cat&post=15"},{"taxonomy":"product_tag","embeddable":true,"href":"https:\/\/www.aledonatomua.com\/salon\/index.php?rest_route=%2Fwp%2Fv2%2Fproduct_tag&post=15"}],"curies":[{"name":"wp","href":"https:\/\/api.w.org\/{rel}","templated":true}]}}