{"id":24,"date":"2021-09-17T01:10:37","date_gmt":"2021-09-17T01:10:37","guid":{"rendered":"https:\/\/www.aledonatomua.com\/salon\/?post_type=product&#038;p=24"},"modified":"2021-09-26T17:43:34","modified_gmt":"2021-09-26T17:43:34","slug":"planchado","status":"publish","type":"product","link":"https:\/\/www.aledonatomua.com\/salon\/?product=planchado","title":{"rendered":"Planchado"},"content":{"rendered":"","protected":false},"excerpt":{"rendered":"<h5>Crea lisos elimina totalmente el Frizz<\/h5>\n<ul>\n<li><span class=\"xr_tl CONTENIDO-45TEXTO\">Consigue un peinado m\u00e1s pr\u00e1ctico y f\u00e1cil de maneja<\/span><\/li>\n<\/ul>\n<div id=\"vhZCYb3sJ6SgqtsP8OSWgAg__23\">\n<div class=\"wDYxhc NFQFxe oHglmf xzPb7d\" data-md=\"32\">\n<div id=\"media_result_group\" class=\"kno-mrg-si kno-mrg kno-swp\" data-hveid=\"CCEQAQ\">\n<div class=\"kno-fiu kno-liu\">\n<div data-count=\"1\" data-hveid=\"CB8QAA\">\n<div class=\"umyQi\" data-h=\"130\" data-nr=\"1\">\n<div class=\"eA0Zlc PZPZlf ivg-i img-kc-m GMCzAd\" data-attrid=\"image\" data-docid=\"n3_YXYVB-Ss6SM\" data-lpage=\"https:\/\/ideas.mercadolibre.com\/ar\/moda\/como-hacer-un-alisado\/\" data-ni=\"1\" data-ved=\"2ahUKEwi9w7r8qoHzAhUkkGoFHXCyBYAQzkx6BAgbEAA\">\n<div class=\"fWhgmd\"><\/div>\n<\/div>\n<\/div>\n<\/div>\n<\/div>\n<\/div>\n<\/div>\n<\/div>\n<div id=\"vhZCYb3sJ6SgqtsP8OSWgAg__26\">\n<div class=\"wDYxhc\" data-md=\"61\">\n<div class=\"LGOjhe\" role=\"heading\" data-attrid=\"wa:\/description\" aria-level=\"3\" data-hveid=\"CBkQAA\"><span class=\"ILfuVd NA6bn\"><span class=\"hgKElc\">.<\/span><\/span><\/div>\n<\/div>\n<\/div>\n","protected":false},"featured_media":25,"template":"","meta":{"site-sidebar-layout":"default","site-content-layout":"default","ast-site-content-layout":"default","site-content-style":"default","site-sidebar-style":"default","ast-global-header-display":"","ast-banner-title-visibility":"","ast-main-header-display":"","ast-hfb-above-header-display":"","ast-hfb-below-header-display":"","ast-hfb-mobile-header-display":"","site-post-title":"","ast-breadcrumbs-content":"","ast-featured-img":"","footer-sml-layout":"","theme-transparent-header-meta":"default","adv-header-id-meta":"","stick-header-meta":"","header-above-stick-meta":"","header-main-stick-meta":"","header-below-stick-meta":"","astra-migrate-meta-layouts":"default","ast-page-background-enabled":"default","ast-page-background-meta":{"desktop":{"background-color":"var(--ast-global-color-4)","background-image":"","background-repeat":"repeat","background-position":"center center","background-size":"auto","background-attachment":"scroll","background-type":"","background-media":"","overlay-type":"","overlay-color":"","overlay-opacity":"","overlay-gradient":""},"tablet":{"background-color":"","background-image":"","background-repeat":"repeat","background-position":"center center","background-size":"auto","background-attachment":"scroll","background-type":"","background-media":"","overlay-type":"","overlay-color":"","overlay-opacity":"","overlay-gradient":""},"mobile":{"background-color":"","background-image":"","background-repeat":"repeat","background-position":"center center","background-size":"auto","background-attachment":"scroll","background-type":"","background-media":"","overlay-type":"","overlay-color":"","overlay-opacity":"","overlay-gradient":""}},"ast-content-background-meta":{"desktop":{"background-color":"var(--ast-global-color-5)","background-image":"","background-repeat":"repeat","background-position":"center center","background-size":"auto","background-attachment":"scroll","background-type":"","background-media":"","overlay-type":"","overlay-color":"","overlay-opacity":"","overlay-gradient":""},"tablet":{"background-color":"var(--ast-global-color-5)","background-image":"","background-repeat":"repeat","background-position":"center center","background-size":"auto","background-attachment":"scroll","background-type":"","background-media":"","overlay-type":"","overlay-color":"","overlay-opacity":"","overlay-gradient":""},"mobile":{"background-color":"var(--ast-global-color-5)","background-image":"","background-repeat":"repeat","background-position":"center center","background-size":"auto","background-attachment":"scroll","background-type":"","background-media":"","overlay-type":"","overlay-color":"","overlay-opacity":"","overlay-gradient":""}}},"product_brand":[],"product_cat":[16],"product_tag":[],"class_list":{"0":"post-24","1":"product","2":"type-product","3":"status-publish","4":"has-post-thumbnail","6":"product_cat-peinado","7":"desktop-align-left","8":"tablet-align-left","9":"mobile-align-left","11":"first","12":"instock","13":"taxable","14":"shipping-taxable","15":"purchasable","16":"product-type-simple"},"exclude_global_add_ons":[],"addons":[],"_links":{"self":[{"href":"https:\/\/www.aledonatomua.com\/salon\/index.php?rest_route=\/wp\/v2\/product\/24","targetHints":{"allow":["GET"]}}],"collection":[{"href":"https:\/\/www.aledonatomua.com\/salon\/index.php?rest_route=\/wp\/v2\/product"}],"about":[{"href":"https:\/\/www.aledonatomua.com\/salon\/index.php?rest_route=\/wp\/v2\/types\/product"}],"wp:featuredmedia":[{"embeddable":true,"href":"https:\/\/www.aledonatomua.com\/salon\/index.php?rest_route=\/wp\/v2\/media\/25"}],"wp:attachment":[{"href":"https:\/\/www.aledonatomua.com\/salon\/index.php?rest_route=%2Fwp%2Fv2%2Fmedia&parent=24"}],"wp:term":[{"taxonomy":"product_brand","embeddable":true,"href":"https:\/\/www.aledonatomua.com\/salon\/index.php?rest_route=%2Fwp%2Fv2%2Fproduct_brand&post=24"},{"taxonomy":"product_cat","embeddable":true,"href":"https:\/\/www.aledonatomua.com\/salon\/index.php?rest_route=%2Fwp%2Fv2%2Fproduct_cat&post=24"},{"taxonomy":"product_tag","embeddable":true,"href":"https:\/\/www.aledonatomua.com\/salon\/index.php?rest_route=%2Fwp%2Fv2%2Fproduct_tag&post=24"}],"curies":[{"name":"wp","href":"https:\/\/api.w.org\/{rel}","templated":true}]}}