{"id":34,"date":"2021-09-15T17:25:16","date_gmt":"2021-09-15T17:25:16","guid":{"rendered":"https:\/\/www.aledonatomua.com\/salon\/?post_type=product&#038;p=34"},"modified":"2021-09-26T17:47:51","modified_gmt":"2021-09-26T17:47:51","slug":"paquetes-de-maquillaje-bridal","status":"publish","type":"product","link":"https:\/\/www.aledonatomua.com\/salon\/?product=paquetes-de-maquillaje-bridal","title":{"rendered":"Paquetes de Maquillaje Bridal"},"content":{"rendered":"","protected":false},"excerpt":{"rendered":"<p><strong>Bridal MakeUp B\u00e1sico:<\/strong><\/p>\n<ul>\n<li>Maquillaje nupcial definitivo (limpieza, exfoliaci\u00f3n, hidrataci\u00f3n + \u00e1cido hialur\u00f3nico, parches de hidrogel reafirmantes para ojos 24K gold,<\/li>\n<li>Mascarilla facial, contorno de ojos, humectaci\u00f3n de cutis y labios, primer, base, contouring polvo y crema,<\/li>\n<li>Ojos con sombras a elegir + shimmer + glitter + pigmentos + hojuelas, iluminador, blush, labial, pesta\u00f1as efecto 3D, fijador de larga duraci\u00f3n).<\/li>\n<li>Peinado nupcial. *Maquillaje de correcci\u00f3n en cuerpo si fuera necesario (moretes, brotes o granitos).<\/li>\n<li>Colocaci\u00f3n de velo y tocado.<\/li>\n<\/ul>\n<p><strong>Bridal MakeUp B\u00e1sico con prueba<\/strong><\/p>\n<ul>\n<li>Prueba de maquillaje nupcial. *Prueba de alto peinado nupcial.<\/li>\n<li>Maquillaje nupcial definitivo (limpieza, exfoliaci\u00f3n, hidrataci\u00f3n + \u00e1cido hialur\u00f3nico, parches de hidrogel reafirmantes para ojos 24K gold,<\/li>\n<li>Mascarilla facial, contorno de ojos, humectaci\u00f3n de cutis y labios, primer, base, contouring polvo y crema,<\/li>\n<li>Ojos con sombras a elegir + shimmer + glitter + pigmentos + hojuelas, iluminador, blush, labial, pesta\u00f1as Mink, fijador de larga duraci\u00f3n).<\/li>\n<li>Alto peinado nupcial. *Maquillaje de correcci\u00f3n en cuerpo si fuera necesario (moretes, brotes o granitos).<\/li>\n<li>Brillos o polvos bronceadores en pecho, espalda y brazos.<\/li>\n<li>Colocaci\u00f3n de velo y tocado.<\/li>\n<li>Ficha t\u00e9cnica y de color.<\/li>\n<li>U\u00f1as a elegir en manos y pies.<\/li>\n<\/ul>\n<p><strong>Bridal MakeUp Premium<\/strong><\/p>\n<ul>\n<li>2 Pruebas de maquillaje nupcial. *2 Pruebas de alto peinado nupcial.<\/li>\n<li>Maquillaje nupcial definitivo (limpieza, exfoliaci\u00f3n, hidrataci\u00f3n + \u00e1cido hialur\u00f3nico, parches de hidrogel reafirmantes para ojos 24K gold,<\/li>\n<li>Mascarilla facial, contorno de ojos, humectaci\u00f3n de cutis y labios, primer, base, contouring polvo y crema,<\/li>\n<li>Ojos con sombras a elegir + shimmer + glitter + pigmentos + hojuelas, iluminador, blush, labial, pesta\u00f1as Mink, fijador de larga duraci\u00f3n).<\/li>\n<li>Alto peinado nupcial. *Maquillaje de correcci\u00f3n en cuerpo si fuera necesario (moretes, brotes o granitos).<\/li>\n<li>Brillos o polvos bronceadores en pecho, espalda y brazos.<\/li>\n<li>Colocaci\u00f3n de velo y tocado.<\/li>\n<li>Ficha t\u00e9cnica y de color.<\/li>\n<li>Manicure y Pedicure Spa.<\/li>\n<li>U\u00f1as a elegir en manos y pies.<\/li>\n<li>Maquillaje y peinado para la mam\u00e1.<\/li>\n<li>Bata, pantuflas, vino espumoso y snack (solo en d\u00eda definitivo).<\/li>\n<\/ul>\n","protected":false},"featured_media":35,"template":"","meta":{"site-sidebar-layout":"default","site-content-layout":"default","ast-site-content-layout":"default","site-content-style":"default","site-sidebar-style":"default","ast-global-header-display":"","ast-banner-title-visibility":"","ast-main-header-display":"","ast-hfb-above-header-display":"","ast-hfb-below-header-display":"","ast-hfb-mobile-header-display":"","site-post-title":"","ast-breadcrumbs-content":"","ast-featured-img":"","footer-sml-layout":"","theme-transparent-header-meta":"default","adv-header-id-meta":"","stick-header-meta":"","header-above-stick-meta":"","header-main-stick-meta":"","header-below-stick-meta":"","astra-migrate-meta-layouts":"default","ast-page-background-enabled":"default","ast-page-background-meta":{"desktop":{"background-color":"var(--ast-global-color-4)","background-image":"","background-repeat":"repeat","background-position":"center center","background-size":"auto","background-attachment":"scroll","background-type":"","background-media":"","overlay-type":"","overlay-color":"","overlay-opacity":"","overlay-gradient":""},"tablet":{"background-color":"","background-image":"","background-repeat":"repeat","background-position":"center center","background-size":"auto","background-attachment":"scroll","background-type":"","background-media":"","overlay-type":"","overlay-color":"","overlay-opacity":"","overlay-gradient":""},"mobile":{"background-color":"","background-image":"","background-repeat":"repeat","background-position":"center center","background-size":"auto","background-attachment":"scroll","background-type":"","background-media":"","overlay-type":"","overlay-color":"","overlay-opacity":"","overlay-gradient":""}},"ast-content-background-meta":{"desktop":{"background-color":"var(--ast-global-color-5)","background-image":"","background-repeat":"repeat","background-position":"center center","background-size":"auto","background-attachment":"scroll","background-type":"","background-media":"","overlay-type":"","overlay-color":"","overlay-opacity":"","overlay-gradient":""},"tablet":{"background-color":"var(--ast-global-color-5)","background-image":"","background-repeat":"repeat","background-position":"center center","background-size":"auto","background-attachment":"scroll","background-type":"","background-media":"","overlay-type":"","overlay-color":"","overlay-opacity":"","overlay-gradient":""},"mobile":{"background-color":"var(--ast-global-color-5)","background-image":"","background-repeat":"repeat","background-position":"center center","background-size":"auto","background-attachment":"scroll","background-type":"","background-media":"","overlay-type":"","overlay-color":"","overlay-opacity":"","overlay-gradient":""}}},"product_brand":[],"product_cat":[23],"product_tag":[],"class_list":{"0":"post-34","1":"product","2":"type-product","3":"status-publish","4":"has-post-thumbnail","6":"product_cat-bridal","7":"desktop-align-left","8":"tablet-align-left","9":"mobile-align-left","11":"first","12":"instock","13":"featured","14":"taxable","15":"shipping-taxable","16":"purchasable","17":"product-type-simple"},"exclude_global_add_ons":false,"addons":[{"name":"Bridal","type":"multiple_choice","position":0,"required":true,"title_format":"label","default":"","description_enable":true,"description":"Selecciona el paquete de maquillaje Nupcial que mas te agrade","placeholder_enable":false,"placeholder":"","display":"radiobutton","restrictions_type":"any_text","adjust_price":false,"price":"","price_type":"flat_fee","restrictions":false,"min":"0","max":"0","options":[{"label":"Bridal MakeUp B\u00e1sico","price":"","price_type":"flat_fee","image":0,"visibility":true},{"label":"Bridal MakeUp B\u00e1sico con prueba","price":"2300","price_type":"flat_fee","image":0,"visibility":true},{"label":"Bridal MakeUp Premium","price":"4300","price_type":"flat_fee","image":0,"visibility":true}]}],"_links":{"self":[{"href":"https:\/\/www.aledonatomua.com\/salon\/index.php?rest_route=\/wp\/v2\/product\/34","targetHints":{"allow":["GET"]}}],"collection":[{"href":"https:\/\/www.aledonatomua.com\/salon\/index.php?rest_route=\/wp\/v2\/product"}],"about":[{"href":"https:\/\/www.aledonatomua.com\/salon\/index.php?rest_route=\/wp\/v2\/types\/product"}],"wp:featuredmedia":[{"embeddable":true,"href":"https:\/\/www.aledonatomua.com\/salon\/index.php?rest_route=\/wp\/v2\/media\/35"}],"wp:attachment":[{"href":"https:\/\/www.aledonatomua.com\/salon\/index.php?rest_route=%2Fwp%2Fv2%2Fmedia&parent=34"}],"wp:term":[{"taxonomy":"product_brand","embeddable":true,"href":"https:\/\/www.aledonatomua.com\/salon\/index.php?rest_route=%2Fwp%2Fv2%2Fproduct_brand&post=34"},{"taxonomy":"product_cat","embeddable":true,"href":"https:\/\/www.aledonatomua.com\/salon\/index.php?rest_route=%2Fwp%2Fv2%2Fproduct_cat&post=34"},{"taxonomy":"product_tag","embeddable":true,"href":"https:\/\/www.aledonatomua.com\/salon\/index.php?rest_route=%2Fwp%2Fv2%2Fproduct_tag&post=34"}],"curies":[{"name":"wp","href":"https:\/\/api.w.org\/{rel}","templated":true}]}}