{"id":36,"date":"2021-09-17T02:31:08","date_gmt":"2021-09-17T02:31:08","guid":{"rendered":"https:\/\/www.aledonatomua.com\/salon\/?post_type=product&#038;p=36"},"modified":"2021-09-26T17:42:56","modified_gmt":"2021-09-26T17:42:56","slug":"xvs-makeup","status":"publish","type":"product","link":"https:\/\/www.aledonatomua.com\/salon\/?product=xvs-makeup","title":{"rendered":"XV\u00b4s MakeUp"},"content":{"rendered":"","protected":false},"excerpt":{"rendered":"<p><strong>XV\u00b4s MakeUp B\u00e1sico<\/strong><\/p>\n<ul>\n<li>Maquillaje definitivo (limpieza, exfoliaci\u00f3n, hidrataci\u00f3n, parche de col\u00e1geno para ojos, mascarilla facial, contorno de ojos,<\/li>\n<li>Humectaci\u00f3n de cutis y labios, primer, base, contouring polvo o crema, ojos con sombras a elegir + shimmer + glitter + pigmentos + hojuelas,<\/li>\n<li>Iluminador, blush, labial, pesta\u00f1as efecto 3D, fijador de larga duraci\u00f3n.<\/li>\n<li>Peinado.<\/li>\n<li>Colocaci\u00f3n de tocado.<\/li>\n<\/ul>\n<p><strong>XV\u00b4s MakeUp Premium<\/strong><\/p>\n<ul>\n<li>Prueba de maquillaje. *Prueba peinado. *Maquillaje definitivo (limpieza, exfoliaci\u00f3n, hidrataci\u00f3n, parche de col\u00e1geno para ojos, mascarilla facial,<\/li>\n<li>Contorno de ojos, humectaci\u00f3n de cutis y labios, primer, base, contouring polvo o crema, ojos con sombras a elegir + shimmer + glitter + pigmentos + hojuelas,<\/li>\n<li>Iluminador, blush, labial, pesta\u00f1as Mink, fijador de larga duraci\u00f3n.<\/li>\n<li>Peinado.<\/li>\n<li>Brillos o polvos bronceadores en pecho, espalda y brazos.<\/li>\n<li>Colocaci\u00f3n de tocado.<\/li>\n<li>U\u00f1as a elegir en manos y pies.<\/li>\n<\/ul>\n","protected":false},"featured_media":37,"template":"","meta":{"site-sidebar-layout":"default","site-content-layout":"default","ast-site-content-layout":"default","site-content-style":"default","site-sidebar-style":"default","ast-global-header-display":"","ast-banner-title-visibility":"","ast-main-header-display":"","ast-hfb-above-header-display":"","ast-hfb-below-header-display":"","ast-hfb-mobile-header-display":"","site-post-title":"","ast-breadcrumbs-content":"","ast-featured-img":"","footer-sml-layout":"","theme-transparent-header-meta":"default","adv-header-id-meta":"","stick-header-meta":"","header-above-stick-meta":"","header-main-stick-meta":"","header-below-stick-meta":"","astra-migrate-meta-layouts":"default","ast-page-background-enabled":"default","ast-page-background-meta":{"desktop":{"background-color":"var(--ast-global-color-4)","background-image":"","background-repeat":"repeat","background-position":"center center","background-size":"auto","background-attachment":"scroll","background-type":"","background-media":"","overlay-type":"","overlay-color":"","overlay-opacity":"","overlay-gradient":""},"tablet":{"background-color":"","background-image":"","background-repeat":"repeat","background-position":"center center","background-size":"auto","background-attachment":"scroll","background-type":"","background-media":"","overlay-type":"","overlay-color":"","overlay-opacity":"","overlay-gradient":""},"mobile":{"background-color":"","background-image":"","background-repeat":"repeat","background-position":"center center","background-size":"auto","background-attachment":"scroll","background-type":"","background-media":"","overlay-type":"","overlay-color":"","overlay-opacity":"","overlay-gradient":""}},"ast-content-background-meta":{"desktop":{"background-color":"var(--ast-global-color-5)","background-image":"","background-repeat":"repeat","background-position":"center center","background-size":"auto","background-attachment":"scroll","background-type":"","background-media":"","overlay-type":"","overlay-color":"","overlay-opacity":"","overlay-gradient":""},"tablet":{"background-color":"var(--ast-global-color-5)","background-image":"","background-repeat":"repeat","background-position":"center center","background-size":"auto","background-attachment":"scroll","background-type":"","background-media":"","overlay-type":"","overlay-color":"","overlay-opacity":"","overlay-gradient":""},"mobile":{"background-color":"var(--ast-global-color-5)","background-image":"","background-repeat":"repeat","background-position":"center center","background-size":"auto","background-attachment":"scroll","background-type":"","background-media":"","overlay-type":"","overlay-color":"","overlay-opacity":"","overlay-gradient":""}}},"product_brand":[],"product_cat":[47],"product_tag":[],"class_list":{"0":"post-36","1":"product","2":"type-product","3":"status-publish","4":"has-post-thumbnail","6":"product_cat-xvs","7":"desktop-align-left","8":"tablet-align-left","9":"mobile-align-left","11":"first","12":"instock","13":"featured","14":"taxable","15":"shipping-taxable","16":"purchasable","17":"product-type-simple"},"exclude_global_add_ons":false,"addons":[{"name":"XV's","type":"multiple_choice","position":0,"required":true,"title_format":"label","default":"","description_enable":true,"description":"Selecciona el paquete de maquillaje de XV's que mas te agrade","placeholder_enable":false,"placeholder":"","display":"radiobutton","restrictions_type":"any_text","adjust_price":false,"price":"","price_type":"flat_fee","restrictions":false,"min":"0","max":"0","options":[{"label":"XV\u00b4s MakeUp B\u00e1sico","price":"","price_type":"flat_fee","image":0,"visibility":true},{"label":"XV\u00b4s MakeUp Premium","price":"1400","price_type":"flat_fee","image":0,"visibility":true}]}],"_links":{"self":[{"href":"https:\/\/www.aledonatomua.com\/salon\/index.php?rest_route=\/wp\/v2\/product\/36","targetHints":{"allow":["GET"]}}],"collection":[{"href":"https:\/\/www.aledonatomua.com\/salon\/index.php?rest_route=\/wp\/v2\/product"}],"about":[{"href":"https:\/\/www.aledonatomua.com\/salon\/index.php?rest_route=\/wp\/v2\/types\/product"}],"wp:featuredmedia":[{"embeddable":true,"href":"https:\/\/www.aledonatomua.com\/salon\/index.php?rest_route=\/wp\/v2\/media\/37"}],"wp:attachment":[{"href":"https:\/\/www.aledonatomua.com\/salon\/index.php?rest_route=%2Fwp%2Fv2%2Fmedia&parent=36"}],"wp:term":[{"taxonomy":"product_brand","embeddable":true,"href":"https:\/\/www.aledonatomua.com\/salon\/index.php?rest_route=%2Fwp%2Fv2%2Fproduct_brand&post=36"},{"taxonomy":"product_cat","embeddable":true,"href":"https:\/\/www.aledonatomua.com\/salon\/index.php?rest_route=%2Fwp%2Fv2%2Fproduct_cat&post=36"},{"taxonomy":"product_tag","embeddable":true,"href":"https:\/\/www.aledonatomua.com\/salon\/index.php?rest_route=%2Fwp%2Fv2%2Fproduct_tag&post=36"}],"curies":[{"name":"wp","href":"https:\/\/api.w.org\/{rel}","templated":true}]}}