{"id":387,"date":"2021-09-26T19:24:42","date_gmt":"2021-09-26T19:24:42","guid":{"rendered":"https:\/\/www.aledonatomua.com\/salon\/?post_type=product&#038;p=387"},"modified":"2023-03-29T13:18:16","modified_gmt":"2023-03-29T19:18:16","slug":"acrilico-1-2-o-3","status":"publish","type":"product","link":"https:\/\/www.aledonatomua.com\/salon\/?product=acrilico-1-2-o-3","title":{"rendered":"Acr\u00edlico (#1, #2 o #3)"},"content":{"rendered":"","protected":false},"excerpt":{"rendered":"","protected":false},"featured_media":397,"template":"","meta":{"site-sidebar-layout":"default","site-content-layout":"default","ast-site-content-layout":"default","site-content-style":"default","site-sidebar-style":"default","ast-global-header-display":"","ast-banner-title-visibility":"","ast-main-header-display":"","ast-hfb-above-header-display":"","ast-hfb-below-header-display":"","ast-hfb-mobile-header-display":"","site-post-title":"","ast-breadcrumbs-content":"","ast-featured-img":"","footer-sml-layout":"","theme-transparent-header-meta":"default","adv-header-id-meta":"","stick-header-meta":"","header-above-stick-meta":"","header-main-stick-meta":"","header-below-stick-meta":"","astra-migrate-meta-layouts":"set","ast-page-background-enabled":"default","ast-page-background-meta":{"desktop":{"background-color":"var(--ast-global-color-4)","background-image":"","background-repeat":"repeat","background-position":"center center","background-size":"auto","background-attachment":"scroll","background-type":"","background-media":"","overlay-type":"","overlay-color":"","overlay-opacity":"","overlay-gradient":""},"tablet":{"background-color":"","background-image":"","background-repeat":"repeat","background-position":"center center","background-size":"auto","background-attachment":"scroll","background-type":"","background-media":"","overlay-type":"","overlay-color":"","overlay-opacity":"","overlay-gradient":""},"mobile":{"background-color":"","background-image":"","background-repeat":"repeat","background-position":"center center","background-size":"auto","background-attachment":"scroll","background-type":"","background-media":"","overlay-type":"","overlay-color":"","overlay-opacity":"","overlay-gradient":""}},"ast-content-background-meta":{"desktop":{"background-color":"var(--ast-global-color-5)","background-image":"","background-repeat":"repeat","background-position":"center center","background-size":"auto","background-attachment":"scroll","background-type":"","background-media":"","overlay-type":"","overlay-color":"","overlay-opacity":"","overlay-gradient":""},"tablet":{"background-color":"var(--ast-global-color-5)","background-image":"","background-repeat":"repeat","background-position":"center center","background-size":"auto","background-attachment":"scroll","background-type":"","background-media":"","overlay-type":"","overlay-color":"","overlay-opacity":"","overlay-gradient":""},"mobile":{"background-color":"var(--ast-global-color-5)","background-image":"","background-repeat":"repeat","background-position":"center center","background-size":"auto","background-attachment":"scroll","background-type":"","background-media":"","overlay-type":"","overlay-color":"","overlay-opacity":"","overlay-gradient":""}}},"product_brand":[],"product_cat":[52],"product_tag":[],"class_list":{"0":"post-387","1":"product","2":"type-product","3":"status-publish","4":"has-post-thumbnail","6":"product_cat-acrilico","7":"desktop-align-left","8":"tablet-align-left","9":"mobile-align-left","11":"first","12":"instock","13":"taxable","14":"shipping-taxable","15":"purchasable","16":"product-type-simple"},"exclude_global_add_ons":false,"addons":[{"name":"Tipo de Aplicacion de U\u00f1as","type":"multiple_choice","position":0,"required":true,"title_format":"label","default":"","description_enable":false,"description":"","placeholder_enable":false,"placeholder":"","display":"radiobutton","restrictions_type":"any_text","adjust_price":false,"price":"","price_type":"flat_fee","restrictions":false,"min":"0","max":"0","options":[{"label":"Acrilico (#1, #2 o #3)","price":"","price_type":"flat_fee","image":0,"visibility":true}],"id":1677678171},{"name":"Tama\u00f1o de U\u00f1as","type":"input_multiplier","position":1,"required":false,"title_format":"label","default":"","description_enable":true,"description":"Seleccione el tama\u00f1o de numero de u\u00f1as excedente a #3","placeholder_enable":false,"placeholder":"","display":"select","restrictions_type":"any_text","adjust_price":true,"price":"10","price_type":"flat_fee","restrictions":true,"min":"1","max":"7","options":[],"id":1677678172},{"name":"Set Dise\u00f1o Completo","type":"multiple_choice","position":2,"required":false,"title_format":"label","default":"","description_enable":false,"description":"","placeholder_enable":false,"placeholder":"","display":"select","restrictions_type":"any_text","adjust_price":false,"price":"","price_type":"flat_fee","restrictions":false,"min":"0","max":"0","options":[{"label":"Set Dise\u00f1o Sencillo","price":"80","price_type":"flat_fee","image":0,"visibility":true},{"label":"Set Dise\u00f1o Medio","price":"130","price_type":"flat_fee","image":0,"visibility":true},{"label":"Set Dise\u00f1o Complejo","price":"180","price_type":"flat_fee","image":0,"visibility":true}],"id":1677678173},{"name":"Tonos","type":"input_multiplier","position":3,"required":false,"title_format":"label","default":"","description_enable":true,"description":"Seleccione cuantos tonos superiores a 2 si son necesarios ","placeholder_enable":false,"placeholder":"","display":"select","restrictions_type":"any_text","adjust_price":true,"price":"10","price_type":"flat_fee","restrictions":true,"min":"1","max":"8","options":[],"id":1677678174},{"name":"Matte","type":"multiple_choice","position":4,"required":false,"title_format":"label","default":"","description_enable":false,"description":"","placeholder_enable":false,"placeholder":"","display":"radiobutton","restrictions_type":"any_text","adjust_price":false,"price":"","price_type":"flat_fee","restrictions":false,"min":"0","max":"0","options":[{"label":"Matte","price":"30","price_type":"flat_fee","image":0,"visibility":true}],"id":1677678175},{"name":"Extra efectos (Espejo, Az\u00facar, Camale\u00f3n, Foil, etc.)","type":"input_multiplier","position":5,"required":false,"title_format":"label","default":"","description_enable":true,"description":"Seleccione por par de u\u00f1as","placeholder_enable":false,"placeholder":"","display":"select","restrictions_type":"any_text","adjust_price":true,"price":"20","price_type":"flat_fee","restrictions":true,"min":"0","max":"5","options":[],"id":1677678176},{"name":"Extra estilos (Frances, Baby Boommer)","type":"multiple_choice","position":6,"required":false,"title_format":"label","default":"","description_enable":false,"description":"Seleccione por par de u\u00f1as","placeholder_enable":false,"placeholder":"","display":"radiobutton","restrictions_type":"any_text","adjust_price":true,"price":"30","price_type":"flat_fee","restrictions":true,"min":"0","max":"5","options":[{"label":"Extra estilos (Frances)","price":"50","price_type":"flat_fee","image":0,"visibility":true},{"label":"Extra estilos (Baby Boomer)","price":"70","price_type":"flat_fee","image":0,"visibility":true}],"id":1677678177},{"name":"Extra Flores en Acr\u00edlico","type":"input_multiplier","position":7,"required":false,"title_format":"label","default":"","description_enable":true,"description":"Seleccione por flor aplicada","placeholder_enable":false,"placeholder":"","display":"select","restrictions_type":"any_text","adjust_price":true,"price":"20","price_type":"flat_fee","restrictions":true,"min":"0","max":"0","options":[],"id":1677678178},{"name":"Extra Piedras Genericas","type":"input_multiplier","position":8,"required":false,"title_format":"label","default":"","description_enable":true,"description":"Seleccione por piedra aplicada","placeholder_enable":false,"placeholder":"","display":"select","restrictions_type":"any_text","adjust_price":true,"price":"1","price_type":"flat_fee","restrictions":true,"min":"0","max":"0","options":[],"id":1677678179},{"name":"Extra Accesorios Gen\u00e9ricos (Naturaleza Muerta, Cintilla, Figuras Metalizadas, etc.)","type":"input_multiplier","position":9,"required":false,"title_format":"label","default":"","description_enable":true,"description":"Seleccione por accesorio aplicado","placeholder_enable":false,"placeholder":"","display":"select","restrictions_type":"any_text","adjust_price":true,"price":"3","price_type":"flat_fee","restrictions":true,"min":"0","max":"0","options":[],"id":1677678180},{"name":"Extra Accesorios Premium","type":"input_multiplier","position":10,"required":false,"title_format":"label","default":"","description_enable":true,"description":"Seleccione por accesorio premium aplicado","placeholder_enable":false,"placeholder":"","display":"select","restrictions_type":"any_text","adjust_price":true,"price":"15","price_type":"flat_fee","restrictions":true,"min":"0","max":"0","options":[],"id":1677678181},{"name":"Dise\u00f1o Sencillo Mano Alzada","type":"input_multiplier","position":11,"required":false,"title_format":"label","default":"","description_enable":true,"description":"Seleccione por dise\u00f1o a mano alzada realizado por par de u\u00f1as","placeholder_enable":false,"placeholder":"","display":"select","restrictions_type":"any_text","adjust_price":true,"price":"30","price_type":"flat_fee","restrictions":true,"min":"0","max":"5","options":[],"id":1677678182},{"name":"Dise\u00f1o Complejo a Mano Alzada","type":"input_multiplier","position":12,"required":false,"title_format":"label","default":"","description_enable":true,"description":"Seleccione por dise\u00f1o complejo a mano alzada realizado por par de u\u00f1as","placeholder_enable":false,"placeholder":"","display":"select","restrictions_type":"any_text","adjust_price":true,"price":"40","price_type":"flat_fee","restrictions":true,"min":"0","max":"5","options":[],"id":1677678183},{"name":"Encapsulado Sencillo","type":"input_multiplier","position":13,"required":false,"title_format":"label","default":"","description_enable":true,"description":"Seleccione numero de encapsulados sencillos realizados por par de u\u00f1as","placeholder_enable":false,"placeholder":"","display":"select","restrictions_type":"any_text","adjust_price":true,"price":"30","price_type":"flat_fee","restrictions":true,"min":"0","max":"5","options":[],"id":1677678184},{"name":"Encapsulado Complejo","type":"input_multiplier","position":14,"required":false,"title_format":"label","default":"","description_enable":true,"description":"Seleccione numero de encapsulados complejos realizados por par de u\u00f1as","placeholder_enable":false,"placeholder":"","display":"select","restrictions_type":"any_text","adjust_price":true,"price":"40","price_type":"flat_fee","restrictions":true,"min":"0","max":"5","options":[],"id":1677678185},{"name":"Reposicion de U\u00f1a","type":"input_multiplier","position":15,"required":false,"title_format":"label","default":"","description_enable":false,"description":"","placeholder_enable":false,"placeholder":"","display":"select","restrictions_type":"any_text","adjust_price":true,"price":"20","price_type":"flat_fee","restrictions":true,"min":"0","max":"10","options":[],"id":1677678186}],"_links":{"self":[{"href":"https:\/\/www.aledonatomua.com\/salon\/index.php?rest_route=\/wp\/v2\/product\/387","targetHints":{"allow":["GET"]}}],"collection":[{"href":"https:\/\/www.aledonatomua.com\/salon\/index.php?rest_route=\/wp\/v2\/product"}],"about":[{"href":"https:\/\/www.aledonatomua.com\/salon\/index.php?rest_route=\/wp\/v2\/types\/product"}],"wp:featuredmedia":[{"embeddable":true,"href":"https:\/\/www.aledonatomua.com\/salon\/index.php?rest_route=\/wp\/v2\/media\/397"}],"wp:attachment":[{"href":"https:\/\/www.aledonatomua.com\/salon\/index.php?rest_route=%2Fwp%2Fv2%2Fmedia&parent=387"}],"wp:term":[{"taxonomy":"product_brand","embeddable":true,"href":"https:\/\/www.aledonatomua.com\/salon\/index.php?rest_route=%2Fwp%2Fv2%2Fproduct_brand&post=387"},{"taxonomy":"product_cat","embeddable":true,"href":"https:\/\/www.aledonatomua.com\/salon\/index.php?rest_route=%2Fwp%2Fv2%2Fproduct_cat&post=387"},{"taxonomy":"product_tag","embeddable":true,"href":"https:\/\/www.aledonatomua.com\/salon\/index.php?rest_route=%2Fwp%2Fv2%2Fproduct_tag&post=387"}],"curies":[{"name":"wp","href":"https:\/\/api.w.org\/{rel}","templated":true}]}}