{"id":50,"date":"2021-09-15T18:44:26","date_gmt":"2021-09-15T18:44:26","guid":{"rendered":"https:\/\/www.aledonatomua.com\/salon\/?post_type=product&#038;p=50"},"modified":"2023-03-29T13:19:18","modified_gmt":"2023-03-29T19:19:18","slug":"unas-gelish-1-o-2-tonos","status":"publish","type":"product","link":"https:\/\/www.aledonatomua.com\/salon\/?product=unas-gelish-1-o-2-tonos","title":{"rendered":"U\u00f1as Gelish (1 o 2 Tonos)"},"content":{"rendered":"","protected":false},"excerpt":{"rendered":"<p>El <b>gelish<\/b>\u00a0es un esmalte semipermanente para las\u00a0<b>u\u00f1as<\/b>\u00a0que no solo garantiza una larga durabilidad, sino que adem\u00e1s ni se resquebraja ni se raya.<\/p>\n<p>El\u00a0<b>gelish<\/b>\u00a0es ideal para los que quieran lucir\u00a0<b>unas u\u00f1as<\/b>\u00a0perfectas durante semanas, ya que al actuar como un gel, mantiene su brillo intacto durante m\u00e1s de 20 d\u00edas.<\/p>\n","protected":false},"featured_media":51,"template":"","meta":{"site-sidebar-layout":"default","site-content-layout":"default","ast-site-content-layout":"default","site-content-style":"default","site-sidebar-style":"default","ast-global-header-display":"","ast-banner-title-visibility":"","ast-main-header-display":"","ast-hfb-above-header-display":"","ast-hfb-below-header-display":"","ast-hfb-mobile-header-display":"","site-post-title":"","ast-breadcrumbs-content":"","ast-featured-img":"","footer-sml-layout":"","theme-transparent-header-meta":"default","adv-header-id-meta":"","stick-header-meta":"","header-above-stick-meta":"","header-main-stick-meta":"","header-below-stick-meta":"","astra-migrate-meta-layouts":"set","ast-page-background-enabled":"default","ast-page-background-meta":{"desktop":{"background-color":"var(--ast-global-color-4)","background-image":"","background-repeat":"repeat","background-position":"center center","background-size":"auto","background-attachment":"scroll","background-type":"","background-media":"","overlay-type":"","overlay-color":"","overlay-opacity":"","overlay-gradient":""},"tablet":{"background-color":"","background-image":"","background-repeat":"repeat","background-position":"center center","background-size":"auto","background-attachment":"scroll","background-type":"","background-media":"","overlay-type":"","overlay-color":"","overlay-opacity":"","overlay-gradient":""},"mobile":{"background-color":"","background-image":"","background-repeat":"repeat","background-position":"center center","background-size":"auto","background-attachment":"scroll","background-type":"","background-media":"","overlay-type":"","overlay-color":"","overlay-opacity":"","overlay-gradient":""}},"ast-content-background-meta":{"desktop":{"background-color":"var(--ast-global-color-5)","background-image":"","background-repeat":"repeat","background-position":"center center","background-size":"auto","background-attachment":"scroll","background-type":"","background-media":"","overlay-type":"","overlay-color":"","overlay-opacity":"","overlay-gradient":""},"tablet":{"background-color":"var(--ast-global-color-5)","background-image":"","background-repeat":"repeat","background-position":"center center","background-size":"auto","background-attachment":"scroll","background-type":"","background-media":"","overlay-type":"","overlay-color":"","overlay-opacity":"","overlay-gradient":""},"mobile":{"background-color":"var(--ast-global-color-5)","background-image":"","background-repeat":"repeat","background-position":"center center","background-size":"auto","background-attachment":"scroll","background-type":"","background-media":"","overlay-type":"","overlay-color":"","overlay-opacity":"","overlay-gradient":""}}},"product_brand":[],"product_cat":[31],"product_tag":[],"class_list":{"0":"post-50","1":"product","2":"type-product","3":"status-publish","4":"has-post-thumbnail","6":"product_cat-gelish","7":"desktop-align-left","8":"tablet-align-left","9":"mobile-align-left","11":"first","12":"instock","13":"taxable","14":"shipping-taxable","15":"purchasable","16":"product-type-simple"},"exclude_global_add_ons":false,"addons":[{"name":"U\u00f1as Gelish","type":"multiple_choice","position":0,"required":true,"title_format":"label","default":"","description_enable":false,"description":"","placeholder_enable":false,"placeholder":"","display":"radiobutton","restrictions_type":"any_text","adjust_price":false,"price":"","price_type":"flat_fee","restrictions":false,"min":"0","max":"0","options":[{"label":"U\u00f1as Gelish (1 o 2 Tonos)","price":"","price_type":"flat_fee","image":0,"visibility":true}],"id":1677544447},{"name":"Set Dise\u00f1o Completo","type":"multiple_choice","position":1,"required":false,"title_format":"label","default":"","description_enable":false,"description":"","placeholder_enable":false,"placeholder":"","display":"radiobutton","restrictions_type":"any_text","adjust_price":false,"price":"","price_type":"flat_fee","restrictions":false,"min":"0","max":"0","options":[{"label":"Set Dise\u00f1o Sencillo","price":"80","price_type":"flat_fee","image":0,"visibility":true},{"label":"Set Dise\u00f1o Medio","price":"130","price_type":"flat_fee","image":0,"visibility":true},{"label":"Set Dise\u00f1o Complejo","price":"180","price_type":"flat_fee","image":0,"visibility":true}],"id":1677544448},{"name":"Tonos","type":"input_multiplier","position":2,"required":false,"title_format":"label","default":"","description_enable":true,"description":"Seleccione mas tonos adicionales a 2 si es necesario","placeholder_enable":false,"placeholder":"","display":"select","restrictions_type":"any_text","adjust_price":true,"price":"10","price_type":"flat_fee","restrictions":true,"min":"1","max":"8","options":[],"id":1677544449},{"name":"Matte","type":"multiple_choice","position":3,"required":false,"title_format":"label","default":"","description_enable":false,"description":"","placeholder_enable":false,"placeholder":"","display":"radiobutton","restrictions_type":"any_text","adjust_price":false,"price":"","price_type":"flat_fee","restrictions":false,"min":"0","max":"0","options":[{"label":"Matte","price":"30","price_type":"flat_fee","image":0,"visibility":true}],"id":1677544450},{"name":"Extra efectos (Espejo, Az\u00facar, Camale\u00f3n, Foil, etc.)","type":"input_multiplier","position":4,"required":false,"title_format":"label","default":"","description_enable":true,"description":"Seleccione cuantos Efectos extras por par de u\u00f1as","placeholder_enable":false,"placeholder":"","display":"select","restrictions_type":"any_text","adjust_price":true,"price":"20","price_type":"flat_fee","restrictions":true,"min":"0","max":"5","options":[],"id":1677544451},{"name":"Extra estilos (Frances, Baby Bommer)","type":"multiple_choice","position":5,"required":false,"title_format":"label","default":"","description_enable":false,"description":"Seleccione por par de u\u00f1as","placeholder_enable":false,"placeholder":"","display":"radiobutton","restrictions_type":"any_text","adjust_price":true,"price":"30","price_type":"flat_fee","restrictions":true,"min":"0","max":"5","options":[{"label":"Extra estilos (Frances)","price":"50","price_type":"flat_fee","image":0,"visibility":true},{"label":"Extra estilos (Baby Boomer)","price":"80","price_type":"flat_fee","image":0,"visibility":true}],"id":1677544452},{"name":"Extra Flores en Acr\u00edlico","type":"input_multiplier","position":6,"required":false,"title_format":"label","default":"","description_enable":true,"description":"Seleccione por flor aplicada","placeholder_enable":false,"placeholder":"","display":"select","restrictions_type":"any_text","adjust_price":true,"price":"20","price_type":"flat_fee","restrictions":true,"min":"0","max":"0","options":[],"id":1677544453},{"name":"Extra Piedras Genericas","type":"input_multiplier","position":7,"required":false,"title_format":"label","default":"","description_enable":true,"description":"Seleccione por piedra aplicada","placeholder_enable":false,"placeholder":"","display":"select","restrictions_type":"any_text","adjust_price":true,"price":"1","price_type":"flat_fee","restrictions":true,"min":"0","max":"0","options":[],"id":1677544454},{"name":"Extra Accesorios Gen\u00e9ricos (Naturaleza Muerta, Cintilla, Figuras Metalizadas, etc.)","type":"input_multiplier","position":8,"required":false,"title_format":"label","default":"","description_enable":true,"description":"Seleccione por accesorio aplicado","placeholder_enable":false,"placeholder":"","display":"select","restrictions_type":"any_text","adjust_price":true,"price":"3","price_type":"flat_fee","restrictions":true,"min":"0","max":"0","options":[],"id":1677544455},{"name":"Extra Accesorios Premium","type":"input_multiplier","position":9,"required":false,"title_format":"label","default":"","description_enable":true,"description":"Seleccione por accesorio premium aplicado","placeholder_enable":false,"placeholder":"","display":"select","restrictions_type":"any_text","adjust_price":true,"price":"15","price_type":"flat_fee","restrictions":true,"min":"0","max":"0","options":[],"id":1677544456},{"name":"Dise\u00f1o Sencillo Mano Alzada","type":"input_multiplier","position":10,"required":false,"title_format":"label","default":"","description_enable":true,"description":"Seleccione por dise\u00f1o a mano alzada realizado por par de u\u00f1as","placeholder_enable":false,"placeholder":"","display":"select","restrictions_type":"any_text","adjust_price":true,"price":"30","price_type":"flat_fee","restrictions":true,"min":"0","max":"5","options":[],"id":1677544457},{"name":"Dise\u00f1o Complejo a Mano Alzada","type":"input_multiplier","position":11,"required":false,"title_format":"label","default":"","description_enable":true,"description":"Seleccione por dise\u00f1o complejo a mano alzada realizado por par de u\u00f1as","placeholder_enable":false,"placeholder":"","display":"select","restrictions_type":"any_text","adjust_price":true,"price":"40","price_type":"flat_fee","restrictions":true,"min":"0","max":"0","options":[],"id":1677544458},{"name":"Encapsulado Sencillo","type":"input_multiplier","position":12,"required":false,"title_format":"label","default":"","description_enable":true,"description":"Seleccione numero de encapsulados sencillos realizados por par de u\u00f1as","placeholder_enable":false,"placeholder":"","display":"select","restrictions_type":"any_text","adjust_price":true,"price":"30","price_type":"flat_fee","restrictions":true,"min":"0","max":"5","options":[],"id":1677544459},{"name":"Encapsulado Complejo","type":"input_multiplier","position":13,"required":false,"title_format":"label","default":"","description_enable":true,"description":"Seleccione numero de encapsulados complejos realizados por par de u\u00f1as","placeholder_enable":false,"placeholder":"","display":"select","restrictions_type":"any_text","adjust_price":true,"price":"40","price_type":"flat_fee","restrictions":true,"min":"0","max":"5","options":[],"id":1677544460}],"_links":{"self":[{"href":"https:\/\/www.aledonatomua.com\/salon\/index.php?rest_route=\/wp\/v2\/product\/50","targetHints":{"allow":["GET"]}}],"collection":[{"href":"https:\/\/www.aledonatomua.com\/salon\/index.php?rest_route=\/wp\/v2\/product"}],"about":[{"href":"https:\/\/www.aledonatomua.com\/salon\/index.php?rest_route=\/wp\/v2\/types\/product"}],"wp:featuredmedia":[{"embeddable":true,"href":"https:\/\/www.aledonatomua.com\/salon\/index.php?rest_route=\/wp\/v2\/media\/51"}],"wp:attachment":[{"href":"https:\/\/www.aledonatomua.com\/salon\/index.php?rest_route=%2Fwp%2Fv2%2Fmedia&parent=50"}],"wp:term":[{"taxonomy":"product_brand","embeddable":true,"href":"https:\/\/www.aledonatomua.com\/salon\/index.php?rest_route=%2Fwp%2Fv2%2Fproduct_brand&post=50"},{"taxonomy":"product_cat","embeddable":true,"href":"https:\/\/www.aledonatomua.com\/salon\/index.php?rest_route=%2Fwp%2Fv2%2Fproduct_cat&post=50"},{"taxonomy":"product_tag","embeddable":true,"href":"https:\/\/www.aledonatomua.com\/salon\/index.php?rest_route=%2Fwp%2Fv2%2Fproduct_tag&post=50"}],"curies":[{"name":"wp","href":"https:\/\/api.w.org\/{rel}","templated":true}]}}