{"id":910,"date":"2021-12-08T11:44:40","date_gmt":"2021-12-08T17:44:40","guid":{"rendered":"https:\/\/www.aledonatomua.com\/salon\/?post_type=product&#038;p=910"},"modified":"2023-06-15T13:05:49","modified_gmt":"2023-06-15T19:05:49","slug":"lashes-paquete-natural","status":"publish","type":"product","link":"https:\/\/www.aledonatomua.com\/salon\/?product=lashes-paquete-natural","title":{"rendered":"Aplicaciones de Pesta\u00f1as"},"content":{"rendered":"<ul>\n<li>Cl\u00e1sicas<\/li>\n<li>H\u00edbridas<\/li>\n<li>Volumen<\/li>\n<li>Mega\u00a0 Volumen<\/li>\n<\/ul>\n","protected":false},"excerpt":{"rendered":"<p>Cl\u00e1sicas H\u00edbridas Volumen Mega\u00a0 Volumen<\/p>\n","protected":false},"featured_media":911,"template":"","meta":{"site-sidebar-layout":"default","site-content-layout":"default","ast-site-content-layout":"default","site-content-style":"default","site-sidebar-style":"default","ast-global-header-display":"","ast-banner-title-visibility":"","ast-main-header-display":"","ast-hfb-above-header-display":"","ast-hfb-below-header-display":"","ast-hfb-mobile-header-display":"","site-post-title":"","ast-breadcrumbs-content":"","ast-featured-img":"","footer-sml-layout":"","theme-transparent-header-meta":"default","adv-header-id-meta":"","stick-header-meta":"","header-above-stick-meta":"","header-main-stick-meta":"","header-below-stick-meta":"","astra-migrate-meta-layouts":"default","ast-page-background-enabled":"default","ast-page-background-meta":{"desktop":{"background-color":"var(--ast-global-color-4)","background-image":"","background-repeat":"repeat","background-position":"center center","background-size":"auto","background-attachment":"scroll","background-type":"","background-media":"","overlay-type":"","overlay-color":"","overlay-opacity":"","overlay-gradient":""},"tablet":{"background-color":"","background-image":"","background-repeat":"repeat","background-position":"center center","background-size":"auto","background-attachment":"scroll","background-type":"","background-media":"","overlay-type":"","overlay-color":"","overlay-opacity":"","overlay-gradient":""},"mobile":{"background-color":"","background-image":"","background-repeat":"repeat","background-position":"center center","background-size":"auto","background-attachment":"scroll","background-type":"","background-media":"","overlay-type":"","overlay-color":"","overlay-opacity":"","overlay-gradient":""}},"ast-content-background-meta":{"desktop":{"background-color":"var(--ast-global-color-5)","background-image":"","background-repeat":"repeat","background-position":"center center","background-size":"auto","background-attachment":"scroll","background-type":"","background-media":"","overlay-type":"","overlay-color":"","overlay-opacity":"","overlay-gradient":""},"tablet":{"background-color":"var(--ast-global-color-5)","background-image":"","background-repeat":"repeat","background-position":"center center","background-size":"auto","background-attachment":"scroll","background-type":"","background-media":"","overlay-type":"","overlay-color":"","overlay-opacity":"","overlay-gradient":""},"mobile":{"background-color":"var(--ast-global-color-5)","background-image":"","background-repeat":"repeat","background-position":"center center","background-size":"auto","background-attachment":"scroll","background-type":"","background-media":"","overlay-type":"","overlay-color":"","overlay-opacity":"","overlay-gradient":""}}},"product_brand":[],"product_cat":[59],"product_tag":[],"class_list":{"0":"post-910","1":"product","2":"type-product","3":"status-publish","4":"has-post-thumbnail","6":"product_cat-lashes-natural","7":"desktop-align-left","8":"tablet-align-left","9":"mobile-align-left","11":"first","12":"instock","13":"taxable","14":"shipping-taxable","15":"purchasable","16":"product-type-simple"},"exclude_global_add_ons":false,"addons":[{"name":"Paquetes","type":"checkbox","position":0,"required":false,"title_format":"label","default":"","description_enable":false,"description":"","placeholder_enable":false,"placeholder":"","display":"select","restrictions_type":"any_text","adjust_price":false,"price":"","price_type":"flat_fee","restrictions":false,"min":"0","max":"0","options":[{"label":"Cl\u00e1sicas: Natural","price":"","price_type":"flat_fee","image":0,"visibility":true},{"label":"Cl\u00e1sicas: Cute","price":"130","price_type":"flat_fee","image":0,"visibility":true},{"label":"Cl\u00e1sicas: Gorgeous","price":"280","price_type":"flat_fee","image":0,"visibility":true},{"label":"H\u00edbridas: Sexy","price":"380","price_type":"flat_fee","image":0,"visibility":true},{"label":"H\u00edbridas: Rock Chic","price":"430","price_type":"flat_fee","image":0,"visibility":true},{"label":"Volumen: Kim Kardashian","price":"480","price_type":"flat_fee","image":0,"visibility":true},{"label":"Volumen: Holliwood","price":"480","price_type":"flat_fee","image":0,"visibility":true},{"label":"Volumen: Wispy","price":"480","price_type":"flat_fee","image":0,"visibility":true},{"label":"Volumen: Hawaiano","price":"480","price_type":"flat_fee","image":0,"visibility":true},{"label":"Volumen: Foxy","price":"600","price_type":"flat_fee","image":0,"visibility":true},{"label":"Mega Volumen: Kim Kardashian","price":"680","price_type":"flat_fee","image":0,"visibility":true},{"label":"Mega Volumen: Holliwood","price":"680","price_type":"flat_fee","image":0,"visibility":true},{"label":"Mega Volumen: Wispy","price":"680","price_type":"flat_fee","image":0,"visibility":true},{"label":"Mega Volumen: Hawaiano","price":"680","price_type":"flat_fee","image":0,"visibility":true},{"label":"Mega Volumen: Foxy","price":"800","price_type":"flat_fee","image":0,"visibility":true}],"id":1677690789}],"_links":{"self":[{"href":"https:\/\/www.aledonatomua.com\/salon\/index.php?rest_route=\/wp\/v2\/product\/910","targetHints":{"allow":["GET"]}}],"collection":[{"href":"https:\/\/www.aledonatomua.com\/salon\/index.php?rest_route=\/wp\/v2\/product"}],"about":[{"href":"https:\/\/www.aledonatomua.com\/salon\/index.php?rest_route=\/wp\/v2\/types\/product"}],"wp:featuredmedia":[{"embeddable":true,"href":"https:\/\/www.aledonatomua.com\/salon\/index.php?rest_route=\/wp\/v2\/media\/911"}],"wp:attachment":[{"href":"https:\/\/www.aledonatomua.com\/salon\/index.php?rest_route=%2Fwp%2Fv2%2Fmedia&parent=910"}],"wp:term":[{"taxonomy":"product_brand","embeddable":true,"href":"https:\/\/www.aledonatomua.com\/salon\/index.php?rest_route=%2Fwp%2Fv2%2Fproduct_brand&post=910"},{"taxonomy":"product_cat","embeddable":true,"href":"https:\/\/www.aledonatomua.com\/salon\/index.php?rest_route=%2Fwp%2Fv2%2Fproduct_cat&post=910"},{"taxonomy":"product_tag","embeddable":true,"href":"https:\/\/www.aledonatomua.com\/salon\/index.php?rest_route=%2Fwp%2Fv2%2Fproduct_tag&post=910"}],"curies":[{"name":"wp","href":"https:\/\/api.w.org\/{rel}","templated":true}]}}